{"id":10,"date":"2019-06-24T23:14:40","date_gmt":"2019-06-25T02:14:40","guid":{"rendered":"http:\/\/lalidis.com.br\/?page_id=10"},"modified":"2025-05-11T13:44:28","modified_gmt":"2025-05-11T16:44:28","slug":"sobre","status":"publish","type":"page","link":"https:\/\/lalidis.com.br\/index.php\/sobre\/","title":{"rendered":"SOBRE"},"content":{"rendered":"\r\n<div class=\"wp-block-media-text alignwide\" style=\"grid-template-columns: 29% auto;\">\r\n<figure class=\"wp-block-media-text__media\"><img loading=\"lazy\" decoding=\"async\" width=\"457\" height=\"453\" class=\"wp-image-409\" src=\"http:\/\/lalidis.com.br\/wp-content\/uploads\/2019\/11\/Lalidis.png\" alt=\"\" srcset=\"https:\/\/lalidis.com.br\/wp-content\/uploads\/2019\/11\/Lalidis.png 457w, https:\/\/lalidis.com.br\/wp-content\/uploads\/2019\/11\/Lalidis-150x150.png 150w, https:\/\/lalidis.com.br\/wp-content\/uploads\/2019\/11\/Lalidis-300x297.png 300w\" sizes=\"auto, (max-width: 457px) 100vw, 457px\" \/><br \/>\r\n<h6><span style=\"font-size: 8pt;\"><em><strong>\u00a0Miss LALIDIS \u00e9 a nossa musa dissidente, queer e provocadora.<\/strong> <\/em><\/span><\/h6>\r\n<\/figure>\r\n<div class=\"wp-block-media-text__content\">\r\n<p class=\"has-small-font-size\" style=\"text-align: justify;\">O Laborat\u00f3rio de Linguagens e Diversidade Sexual (LALIDIS), vinculado ao<a href=\"https:\/\/www2.uesb.br\/ppg\/ppgcel\/\"> Programa de P\u00f3s-Gradua\u00e7\u00e3o em Letras, Cultura, Educa\u00e7\u00e3o e Linguagens<\/a> e ao Curso de Jornalismo da <a href=\"https:\/\/www.uesb.br\/en\/\">UESB,<\/a> Campus de Vit\u00f3ria da Conquista, atua no campo dos estudos queer, da literatura LGBTQIAPN+ e das linguagens dissidentes. Com interesse especial na literatura menor e na constela\u00e7\u00e3o autobiogr\u00e1fica, o LALIDIS busca dar espa\u00e7o \u00e0s multid\u00f5es queer para expressarem e proliferarem suas vozes. Muitas vezes abafadas ou esquecidas, s\u00e3o essas vozes que ser\u00e3o ouvidas em primeiro lugar, ocupando e transformando n\u00e3o apenas os espa\u00e7os digitais, mas todos aqueles que puderem ser ocupados, acad\u00eamicos, art\u00edsticos, liter\u00e1rios e sociais. Al\u00e9m da produ\u00e7\u00e3o te\u00f3rica e liter\u00e1ria, o LALIDIS entende a pot\u00eancia do jornalismo como ferramenta de escuta, den\u00fancia e transforma\u00e7\u00e3o social. Somos um espa\u00e7o de pesquisa, resist\u00eancia e provoca\u00e7\u00e3o. Viemos\u00a0para\u00a0incomodar!<\/p>\r\n<\/div>\r\n<\/div>\r\n\r\n\r\n\r\n<h6 class=\"wp-block-heading\"><a href=\"http:\/\/lalidis.com.br\/index.php\/category\/vidas-literarias\/\"><span class=\"has-inline-color has-pale-pink-color\"><strong>Vidas Liter\u00e1rias<\/strong><\/span><\/a><\/h6>\r\n\r\n<p style=\"text-align: justify;\">G\u00eaneros e sexualidades dissidentes t\u00eam sido recorrentemente silenciados e apagados dos c\u00e2nones, das historiografias e do ensino liter\u00e1rio. Por conta disso, nesta se\u00e7\u00e3o, apresentaremos semanalmente obras liter\u00e1rias que insistem em produzir rachaduras nesses espa\u00e7os que n\u00e3o cansam de nos soterrar. A Literatura LGBTQ+ existe quando recorda as viol\u00eancias a que somos submetidas, e tamb\u00e9m quando promove cidadania, luta, resist\u00eancia, reconhecimento e o direito \u00e0 diferen\u00e7a. Toda quinta-feira uma nova indica\u00e7\u00e3o de leitura!<\/p>\r\n\r\n<h6 class=\"wp-block-heading\"><a href=\"http:\/\/lalidis.com.br\/index.php\/category\/nao-recomendado\/papo-t\/\"><strong><span class=\"has-inline-color has-pale-pink-color\">Papo T<\/span><\/strong><\/a><\/h6>\r\n\r\n<p style=\"text-align: justify;\">Coluna semanal destinada \u00e0 escrita de quest\u00f5es que perpassam a exist\u00eancia transg\u00eanere e travesti. Pensando nisso, buscaremos compreender como existir transvestig\u00eanere implica em uma organiza\u00e7\u00e3o social que tamb\u00e9m nos implica, e implicadas, sa\u00edmos das margens e emergimos aos centros, com voz, com algo \u00e0 dizer. Nossa coluna semanal \u00e9 um atravessamento de carnes, de corpos, daquele que n\u00e3o importavam, mas que agora, fartos da invisibilidade, retomam as palavras roubadas!<\/p> ","protected":false},"excerpt":{"rendered":"<p>\u00a0Miss LALIDIS \u00e9 a nossa musa dissidente, queer e provocadora. O Laborat\u00f3rio de Linguagens e Diversidade Sexual (LALIDIS), vinculado ao<\/p>\n","protected":false},"author":1,"featured_media":0,"parent":0,"menu_order":0,"comment_status":"closed","ping_status":"closed","template":"","meta":{"colormag_page_container_layout":"default_layout","colormag_page_sidebar_layout":"default_layout","jetpack_post_was_ever_published":false,"footnotes":""},"class_list":["post-10","page","type-page","status-publish","hentry"],"a3_pvc":{"activated":false,"total_views":977,"today_views":0},"yoast_head":"<!-- This site is optimized with the Yoast SEO plugin v27.4 - https:\/\/yoast.com\/product\/yoast-seo-wordpress\/ -->\n<title>SOBRE - LALIDIS<\/title>\n<meta name=\"robots\" content=\"index, follow, max-snippet:-1, max-image-preview:large, max-video-preview:-1\" \/>\n<link rel=\"canonical\" href=\"https:\/\/lalidis.com.br\/index.php\/sobre\/\" \/>\n<meta property=\"og:locale\" content=\"pt_BR\" \/>\n<meta property=\"og:type\" content=\"article\" \/>\n<meta property=\"og:title\" content=\"SOBRE - LALIDIS\" \/>\n<meta property=\"og:description\" content=\"\u00a0Miss LALIDIS \u00e9 a nossa musa dissidente, queer e provocadora. O Laborat\u00f3rio de Linguagens e Diversidade Sexual (LALIDIS), vinculado ao\" \/>\n<meta property=\"og:url\" content=\"https:\/\/lalidis.com.br\/index.php\/sobre\/\" \/>\n<meta property=\"og:site_name\" content=\"LALIDIS\" \/>\n<meta property=\"article:modified_time\" content=\"2025-05-11T16:44:28+00:00\" \/>\n<meta property=\"og:image\" content=\"http:\/\/lalidis.com.br\/wp-content\/uploads\/2019\/11\/Lalidis.png\" \/>\n<meta name=\"twitter:card\" content=\"summary_large_image\" \/>\n<meta name=\"twitter:label1\" content=\"Est. tempo de leitura\" \/>\n\t<meta name=\"twitter:data1\" content=\"2 minutos\" \/>\n<script type=\"application\/ld+json\" class=\"yoast-schema-graph\">{\"@context\":\"https:\\\/\\\/schema.org\",\"@graph\":[{\"@type\":\"WebPage\",\"@id\":\"https:\\\/\\\/lalidis.com.br\\\/index.php\\\/sobre\\\/\",\"url\":\"https:\\\/\\\/lalidis.com.br\\\/index.php\\\/sobre\\\/\",\"name\":\"SOBRE - LALIDIS\",\"isPartOf\":{\"@id\":\"https:\\\/\\\/lalidis.com.br\\\/#website\"},\"primaryImageOfPage\":{\"@id\":\"https:\\\/\\\/lalidis.com.br\\\/index.php\\\/sobre\\\/#primaryimage\"},\"image\":{\"@id\":\"https:\\\/\\\/lalidis.com.br\\\/index.php\\\/sobre\\\/#primaryimage\"},\"thumbnailUrl\":\"http:\\\/\\\/lalidis.com.br\\\/wp-content\\\/uploads\\\/2019\\\/11\\\/Lalidis.png\",\"datePublished\":\"2019-06-25T02:14:40+00:00\",\"dateModified\":\"2025-05-11T16:44:28+00:00\",\"breadcrumb\":{\"@id\":\"https:\\\/\\\/lalidis.com.br\\\/index.php\\\/sobre\\\/#breadcrumb\"},\"inLanguage\":\"pt-BR\",\"potentialAction\":[{\"@type\":\"ReadAction\",\"target\":[\"https:\\\/\\\/lalidis.com.br\\\/index.php\\\/sobre\\\/\"]}]},{\"@type\":\"ImageObject\",\"inLanguage\":\"pt-BR\",\"@id\":\"https:\\\/\\\/lalidis.com.br\\\/index.php\\\/sobre\\\/#primaryimage\",\"url\":\"https:\\\/\\\/lalidis.com.br\\\/wp-content\\\/uploads\\\/2019\\\/11\\\/Lalidis.png\",\"contentUrl\":\"https:\\\/\\\/lalidis.com.br\\\/wp-content\\\/uploads\\\/2019\\\/11\\\/Lalidis.png\",\"width\":457,\"height\":453},{\"@type\":\"BreadcrumbList\",\"@id\":\"https:\\\/\\\/lalidis.com.br\\\/index.php\\\/sobre\\\/#breadcrumb\",\"itemListElement\":[{\"@type\":\"ListItem\",\"position\":1,\"name\":\"In\u00edcio\",\"item\":\"https:\\\/\\\/lalidis.com.br\\\/\"},{\"@type\":\"ListItem\",\"position\":2,\"name\":\"SOBRE\"}]},{\"@type\":\"WebSite\",\"@id\":\"https:\\\/\\\/lalidis.com.br\\\/#website\",\"url\":\"https:\\\/\\\/lalidis.com.br\\\/\",\"name\":\"LALIDIS\",\"description\":\"\",\"potentialAction\":[{\"@type\":\"SearchAction\",\"target\":{\"@type\":\"EntryPoint\",\"urlTemplate\":\"https:\\\/\\\/lalidis.com.br\\\/?s={search_term_string}\"},\"query-input\":{\"@type\":\"PropertyValueSpecification\",\"valueRequired\":true,\"valueName\":\"search_term_string\"}}],\"inLanguage\":\"pt-BR\"}]}<\/script>\n<!-- \/ Yoast SEO plugin. -->","yoast_head_json":{"title":"SOBRE - LALIDIS","robots":{"index":"index","follow":"follow","max-snippet":"max-snippet:-1","max-image-preview":"max-image-preview:large","max-video-preview":"max-video-preview:-1"},"canonical":"https:\/\/lalidis.com.br\/index.php\/sobre\/","og_locale":"pt_BR","og_type":"article","og_title":"SOBRE - LALIDIS","og_description":"\u00a0Miss LALIDIS \u00e9 a nossa musa dissidente, queer e provocadora. O Laborat\u00f3rio de Linguagens e Diversidade Sexual (LALIDIS), vinculado ao","og_url":"https:\/\/lalidis.com.br\/index.php\/sobre\/","og_site_name":"LALIDIS","article_modified_time":"2025-05-11T16:44:28+00:00","og_image":[{"url":"http:\/\/lalidis.com.br\/wp-content\/uploads\/2019\/11\/Lalidis.png","type":"","width":"","height":""}],"twitter_card":"summary_large_image","twitter_misc":{"Est. tempo de leitura":"2 minutos"},"schema":{"@context":"https:\/\/schema.org","@graph":[{"@type":"WebPage","@id":"https:\/\/lalidis.com.br\/index.php\/sobre\/","url":"https:\/\/lalidis.com.br\/index.php\/sobre\/","name":"SOBRE - LALIDIS","isPartOf":{"@id":"https:\/\/lalidis.com.br\/#website"},"primaryImageOfPage":{"@id":"https:\/\/lalidis.com.br\/index.php\/sobre\/#primaryimage"},"image":{"@id":"https:\/\/lalidis.com.br\/index.php\/sobre\/#primaryimage"},"thumbnailUrl":"http:\/\/lalidis.com.br\/wp-content\/uploads\/2019\/11\/Lalidis.png","datePublished":"2019-06-25T02:14:40+00:00","dateModified":"2025-05-11T16:44:28+00:00","breadcrumb":{"@id":"https:\/\/lalidis.com.br\/index.php\/sobre\/#breadcrumb"},"inLanguage":"pt-BR","potentialAction":[{"@type":"ReadAction","target":["https:\/\/lalidis.com.br\/index.php\/sobre\/"]}]},{"@type":"ImageObject","inLanguage":"pt-BR","@id":"https:\/\/lalidis.com.br\/index.php\/sobre\/#primaryimage","url":"https:\/\/lalidis.com.br\/wp-content\/uploads\/2019\/11\/Lalidis.png","contentUrl":"https:\/\/lalidis.com.br\/wp-content\/uploads\/2019\/11\/Lalidis.png","width":457,"height":453},{"@type":"BreadcrumbList","@id":"https:\/\/lalidis.com.br\/index.php\/sobre\/#breadcrumb","itemListElement":[{"@type":"ListItem","position":1,"name":"In\u00edcio","item":"https:\/\/lalidis.com.br\/"},{"@type":"ListItem","position":2,"name":"SOBRE"}]},{"@type":"WebSite","@id":"https:\/\/lalidis.com.br\/#website","url":"https:\/\/lalidis.com.br\/","name":"LALIDIS","description":"","potentialAction":[{"@type":"SearchAction","target":{"@type":"EntryPoint","urlTemplate":"https:\/\/lalidis.com.br\/?s={search_term_string}"},"query-input":{"@type":"PropertyValueSpecification","valueRequired":true,"valueName":"search_term_string"}}],"inLanguage":"pt-BR"}]}},"jetpack_sharing_enabled":true,"jetpack_likes_enabled":true,"jetpack-related-posts":[],"_links":{"self":[{"href":"https:\/\/lalidis.com.br\/index.php\/wp-json\/wp\/v2\/pages\/10","targetHints":{"allow":["GET"]}}],"collection":[{"href":"https:\/\/lalidis.com.br\/index.php\/wp-json\/wp\/v2\/pages"}],"about":[{"href":"https:\/\/lalidis.com.br\/index.php\/wp-json\/wp\/v2\/types\/page"}],"author":[{"embeddable":true,"href":"https:\/\/lalidis.com.br\/index.php\/wp-json\/wp\/v2\/users\/1"}],"replies":[{"embeddable":true,"href":"https:\/\/lalidis.com.br\/index.php\/wp-json\/wp\/v2\/comments?post=10"}],"version-history":[{"count":30,"href":"https:\/\/lalidis.com.br\/index.php\/wp-json\/wp\/v2\/pages\/10\/revisions"}],"predecessor-version":[{"id":1215,"href":"https:\/\/lalidis.com.br\/index.php\/wp-json\/wp\/v2\/pages\/10\/revisions\/1215"}],"wp:attachment":[{"href":"https:\/\/lalidis.com.br\/index.php\/wp-json\/wp\/v2\/media?parent=10"}],"curies":[{"name":"wp","href":"https:\/\/api.w.org\/{rel}","templated":true}]}}