{"id":616,"date":"2020-11-17T17:30:13","date_gmt":"2020-11-17T20:30:13","guid":{"rendered":"http:\/\/lalidis.com.br\/?page_id=616"},"modified":"2025-05-11T14:14:11","modified_gmt":"2025-05-11T17:14:11","slug":"colaboradores","status":"publish","type":"page","link":"https:\/\/lalidis.com.br\/index.php\/colaboradores\/","title":{"rendered":"QUEM SOMOS"},"content":{"rendered":"\r\n<h6><span class=\"has-inline-color has-pale-pink-color\"><strong>Colaboradores:\u00a0<\/strong><\/span><\/h6>\r\n<h6 style=\"text-align: left;\"><img loading=\"lazy\" decoding=\"async\" class=\"wp-image-1167 alignleft\" src=\"http:\/\/lalidis.com.br\/wp-content\/uploads\/2023\/09\/Design-sem-nome-3-1024x1024.png\" alt=\"\" width=\"152\" height=\"152\" srcset=\"https:\/\/lalidis.com.br\/wp-content\/uploads\/2023\/09\/Design-sem-nome-3-1024x1024.png 1024w, https:\/\/lalidis.com.br\/wp-content\/uploads\/2023\/09\/Design-sem-nome-3-300x300.png 300w, https:\/\/lalidis.com.br\/wp-content\/uploads\/2023\/09\/Design-sem-nome-3-150x150.png 150w, https:\/\/lalidis.com.br\/wp-content\/uploads\/2023\/09\/Design-sem-nome-3-768x768.png 768w, https:\/\/lalidis.com.br\/wp-content\/uploads\/2023\/09\/Design-sem-nome-3.png 1080w\" sizes=\"auto, (max-width: 152px) 100vw, 152px\" \/><strong style=\"font-size: 10pt;\">Iuri Brito &#8211;\u00a0 Estudante de Jornalismo<\/strong><span style=\"font-size: 10pt;\">, comunista, designer, gaymer e desenhista nas horas vagas. Gosto de simplicidade e me apaixono f\u00e1cil pelas coisas e pelas pessoas como um bom canceriano.<\/span><\/h6>\r\n<p>&nbsp;<\/p>\r\n<p>&nbsp;<\/p>\r\n<p>&nbsp;<\/p>\r\n<h6><span style=\"font-size: 10pt;\"><strong><img loading=\"lazy\" decoding=\"async\" class=\"alignleft wp-image-1036\" src=\"http:\/\/lalidis.com.br\/wp-content\/uploads\/2022\/06\/Design-sem-nome-15-1024x1024.png\" alt=\"\" width=\"141\" height=\"141\" srcset=\"https:\/\/lalidis.com.br\/wp-content\/uploads\/2022\/06\/Design-sem-nome-15-1024x1024.png 1024w, https:\/\/lalidis.com.br\/wp-content\/uploads\/2022\/06\/Design-sem-nome-15-300x300.png 300w, https:\/\/lalidis.com.br\/wp-content\/uploads\/2022\/06\/Design-sem-nome-15-150x150.png 150w, https:\/\/lalidis.com.br\/wp-content\/uploads\/2022\/06\/Design-sem-nome-15-768x768.png 768w, https:\/\/lalidis.com.br\/wp-content\/uploads\/2022\/06\/Design-sem-nome-15.png 1080w\" sizes=\"auto, (max-width: 141px) 100vw, 141px\" \/><\/strong><\/span><\/h6>\r\n<h6><span style=\"font-size: 10pt;\"><strong>Larissa Costa &#8211;<\/strong> Jornalista, designer e ilheense que foge da praia. Adoro jogar no computador e aprender sobre o incr\u00edvel mundo da tecnologia, al\u00e9m de ser uma aspirante a MasterChef. Apesar da cara de mansa, \u00e9 uma ariana que n\u00e3o gosta de ver injusti\u00e7a.<\/span><\/h6>\r\n<p>&nbsp;<\/p>\r\n<h6>\u00a0<\/h6>\r\n<h6><span style=\"font-size: 10pt;\"><strong><img loading=\"lazy\" decoding=\"async\" class=\"wp-image-1038 alignleft\" src=\"http:\/\/lalidis.com.br\/wp-content\/uploads\/2022\/06\/Design-sem-nome-17-1024x1024.png\" alt=\"\" width=\"141\" height=\"141\" \/><\/strong><\/span><\/h6>\r\n<h6><span style=\"font-size: 10pt;\"><strong>Vitor Carlo &#8211; Jornalista e <\/strong>Baiano aventureiro que gosta de desafios e que busca sempre enfrent\u00e1-los. Como estudante de Jornalismo, digo que ser comunicador \u00e9 se permitir. A comunica\u00e7\u00e3o abre portas para nos levar a lugares almejados. Sou formado em Gastronomia, um dos meus hobbie \u00e9 cozinhar. Como um bom leonino, me ouso e me permito a viver novas oportunidades.<\/span><\/h6>\r\n<p>&nbsp;<\/p>\r\n<h6>\u00a0<\/h6>\r\n<h6><span class=\"has-inline-color has-pale-pink-color\"><strong>Respons\u00e1vel pelo projeto:<\/strong><\/span><\/h6>\r\n<div class=\"wp-block-media-text\" style=\"grid-template-columns: 17% auto;\">\r\n<figure class=\"wp-block-media-text__media\"><img loading=\"lazy\" decoding=\"async\" class=\"wp-image-432 aligncenter\" src=\"http:\/\/lalidis.com.br\/wp-content\/uploads\/2019\/11\/Marcus-Lima-1-1-1024x1024.png\" alt=\"\" width=\"1021\" height=\"1021\" srcset=\"https:\/\/lalidis.com.br\/wp-content\/uploads\/2019\/11\/Marcus-Lima-1-1-1024x1024.png 1024w, https:\/\/lalidis.com.br\/wp-content\/uploads\/2019\/11\/Marcus-Lima-1-1-150x150.png 150w, https:\/\/lalidis.com.br\/wp-content\/uploads\/2019\/11\/Marcus-Lima-1-1-300x300.png 300w, https:\/\/lalidis.com.br\/wp-content\/uploads\/2019\/11\/Marcus-Lima-1-1-768x768.png 768w, https:\/\/lalidis.com.br\/wp-content\/uploads\/2019\/11\/Marcus-Lima-1-1.png 1125w\" sizes=\"auto, (max-width: 1021px) 100vw, 1021px\" \/><\/figure>\r\n<div class=\"wp-block-media-text__content\">\r\n<p class=\"has-small-font-size\"><strong>Marcus lima<\/strong> \u2013 Professor e pesquisador mineiro, agora um baiano workaholic que est\u00e1 sempre nas nuvens. Tenho casa e um cachorro, um pug xexelento de lindo. Adoro s\u00e9ries hist\u00f3ricas e de fic\u00e7\u00e3o cient\u00edfica; como ler nunca \u00e9 demais, passo a vista em qualquer cartaz pregado na parede.<\/p>\r\n<\/div>\r\n<\/div>\r\n<h6><strong><span class=\"has-inline-color has-pale-pink-color\">Passaram por aqui:<\/span><\/strong><\/h6>\r\n<h6><span style=\"font-size: 10pt;\"><img loading=\"lazy\" decoding=\"async\" class=\"wp-image-1037 alignleft\" src=\"http:\/\/lalidis.com.br\/wp-content\/uploads\/2022\/06\/Design-sem-nome-16-1024x1024.png\" alt=\"\" width=\"141\" height=\"141\" srcset=\"https:\/\/lalidis.com.br\/wp-content\/uploads\/2022\/06\/Design-sem-nome-16-1024x1024.png 1024w, https:\/\/lalidis.com.br\/wp-content\/uploads\/2022\/06\/Design-sem-nome-16-300x300.png 300w, https:\/\/lalidis.com.br\/wp-content\/uploads\/2022\/06\/Design-sem-nome-16-150x150.png 150w, https:\/\/lalidis.com.br\/wp-content\/uploads\/2022\/06\/Design-sem-nome-16-768x768.png 768w, https:\/\/lalidis.com.br\/wp-content\/uploads\/2022\/06\/Design-sem-nome-16.png 1080w\" sizes=\"auto, (max-width: 141px) 100vw, 141px\" \/><\/span><\/h6>\r\n<h6>\u00a0<\/h6>\r\n<h6><span style=\"font-size: 10pt;\"><strong>Clara Filippo &#8211; Jornalista<\/strong>, diretamente do Oeste baiano pra Vit\u00f3ria da Conquista, busco colorir o mundo com meu sol em sagit\u00e1rio e muito gliter na veia. Vamos juntos nessa?<\/span><\/h6>\r\n<p>&nbsp;<\/p>\r\n<p>&nbsp;<\/p>\r\n<div class=\"wp-block-media-text\" style=\"grid-template-columns: 17% auto;\">\r\n<figure class=\"wp-block-media-text__media\"><img loading=\"lazy\" decoding=\"async\" width=\"1024\" height=\"1024\" class=\"wp-image-440 aligncenter\" src=\"http:\/\/lalidis.com.br\/wp-content\/uploads\/2019\/11\/Beatriz-Simonassi-1-1024x1024.png\" alt=\"\" srcset=\"https:\/\/lalidis.com.br\/wp-content\/uploads\/2019\/11\/Beatriz-Simonassi-1-1024x1024.png 1024w, https:\/\/lalidis.com.br\/wp-content\/uploads\/2019\/11\/Beatriz-Simonassi-1-150x150.png 150w, https:\/\/lalidis.com.br\/wp-content\/uploads\/2019\/11\/Beatriz-Simonassi-1-300x300.png 300w, https:\/\/lalidis.com.br\/wp-content\/uploads\/2019\/11\/Beatriz-Simonassi-1-768x768.png 768w, https:\/\/lalidis.com.br\/wp-content\/uploads\/2019\/11\/Beatriz-Simonassi-1.png 1125w\" sizes=\"auto, (max-width: 1024px) 100vw, 1024px\" \/><\/figure>\r\n<div class=\"wp-block-media-text__content\">\r\n<p class=\"has-small-font-size\"><strong>Beatriz Simonassi<\/strong> \u2013 Jornalista, nasci pronta para o brainstorm. Feminista, ativista, musicista e de Vit\u00f3ria da Conquista, busco colorir a vida com meu jeitinho sagitariano. Me chamam de adapt\u00e1vel.<\/p>\r\n<\/div>\r\n<\/div>\r\n\r\n\r\n\r\n<div class=\"wp-block-media-text\" style=\"grid-template-columns: 17% auto;\">\r\n<figure class=\"wp-block-media-text__media\"><img loading=\"lazy\" decoding=\"async\" class=\"wp-image-418 aligncenter\" src=\"http:\/\/lalidis.com.br\/wp-content\/uploads\/2019\/11\/Bruna-Fentanes-1024x1024.png\" alt=\"\" width=\"1021\" height=\"1021\" srcset=\"https:\/\/lalidis.com.br\/wp-content\/uploads\/2019\/11\/Bruna-Fentanes-1024x1024.png 1024w, https:\/\/lalidis.com.br\/wp-content\/uploads\/2019\/11\/Bruna-Fentanes-150x150.png 150w, https:\/\/lalidis.com.br\/wp-content\/uploads\/2019\/11\/Bruna-Fentanes-300x300.png 300w, https:\/\/lalidis.com.br\/wp-content\/uploads\/2019\/11\/Bruna-Fentanes-768x768.png 768w, https:\/\/lalidis.com.br\/wp-content\/uploads\/2019\/11\/Bruna-Fentanes.png 1125w\" sizes=\"auto, (max-width: 1021px) 100vw, 1021px\" \/><\/figure>\r\n<div class=\"wp-block-media-text__content\">\r\n<p class=\"has-small-font-size\"><strong>Bruna Fentanes<\/strong> \u2013 Jornalista e designer. Baiana e nordestina com muito orgulho. Amante dos livros de amor, mas sempre vai adorar os dramas que a vida lhe d\u00e1.<\/p>\r\n<\/div>\r\n<\/div>\r\n\r\n\r\n\r\n<div class=\"wp-block-media-text\" style=\"grid-template-columns: 17% auto;\">\r\n<figure class=\"wp-block-media-text__media\"><img loading=\"lazy\" decoding=\"async\" width=\"1024\" height=\"1024\" class=\"wp-image-420 aligncenter\" src=\"http:\/\/lalidis.com.br\/wp-content\/uploads\/2019\/11\/Emanuelle-Souza-1024x1024.png\" alt=\"\" srcset=\"https:\/\/lalidis.com.br\/wp-content\/uploads\/2019\/11\/Emanuelle-Souza-1024x1024.png 1024w, https:\/\/lalidis.com.br\/wp-content\/uploads\/2019\/11\/Emanuelle-Souza-150x150.png 150w, https:\/\/lalidis.com.br\/wp-content\/uploads\/2019\/11\/Emanuelle-Souza-300x300.png 300w, https:\/\/lalidis.com.br\/wp-content\/uploads\/2019\/11\/Emanuelle-Souza-768x768.png 768w, https:\/\/lalidis.com.br\/wp-content\/uploads\/2019\/11\/Emanuelle-Souza.png 1125w\" sizes=\"auto, (max-width: 1024px) 100vw, 1024px\" \/><\/figure>\r\n<div class=\"wp-block-media-text__content\">\r\n<p class=\"has-small-font-size\"><strong>Emanuelle Sousa<\/strong> \u2013 Conquistense, Sol em Peixes na casa 12, atriz-performer, licenciada em Teatro, Psic\u00f3loga. Atualmente pesquisa escrita feminina, erotismo e escritas de si no mestrado em Letras (UESB). Apaixonada por dan\u00e7a, tem 4 gatos e estuda astrologia desde crian\u00e7a. Mexe com bruxaria e joga tarot nas horas vagas.<\/p>\r\n<\/div>\r\n<\/div>\r\n\r\n\r\n\r\n<div class=\"wp-block-media-text\" style=\"grid-template-columns: 17% auto;\">\r\n<figure class=\"wp-block-media-text__media\"><img loading=\"lazy\" decoding=\"async\" width=\"1024\" height=\"1024\" class=\"wp-image-669 aligncenter\" src=\"http:\/\/lalidis.com.br\/wp-content\/uploads\/2020\/12\/Lalume-1024x1024.png\" alt=\"\" srcset=\"https:\/\/lalidis.com.br\/wp-content\/uploads\/2020\/12\/Lalume-1024x1024.png 1024w, https:\/\/lalidis.com.br\/wp-content\/uploads\/2020\/12\/Lalume-300x300.png 300w, https:\/\/lalidis.com.br\/wp-content\/uploads\/2020\/12\/Lalume-150x150.png 150w, https:\/\/lalidis.com.br\/wp-content\/uploads\/2020\/12\/Lalume-768x768.png 768w, https:\/\/lalidis.com.br\/wp-content\/uploads\/2020\/12\/Lalume-1536x1536.png 1536w, https:\/\/lalidis.com.br\/wp-content\/uploads\/2020\/12\/Lalume.png 2000w\" sizes=\"auto, (max-width: 1024px) 100vw, 1024px\" \/><\/figure>\r\n<div class=\"wp-block-media-text__content\">\r\n<p class=\"has-small-font-size\"><strong>Lalume Carneiro <\/strong>\u2013 Jornalista, mas vive num realismo m\u00e1gico constante, n\u00e3o \u00e9 \u00e0 toa que ama contar as loucas hist\u00f3rias da vida. Nasceu em Po\u00e7\u00f5es (Bahia) e tem uma rela\u00e7\u00e3o de amor e \u00f3dio com a cidade. Apaixonada por dan\u00e7a, moda, fotografia, livros e cabelo. E claro, se quiser algu\u00e9m pra conversar? Pode chamar, porque papo n\u00e3o vai faltar.<\/p>\r\n<\/div>\r\n<\/div>\r\n\r\n\r\n\r\n<div class=\"wp-block-media-text\" style=\"grid-template-columns: 17% auto;\">\r\n<figure class=\"wp-block-media-text__media\"><img loading=\"lazy\" decoding=\"async\" width=\"1024\" height=\"1024\" class=\"wp-image-421 aligncenter\" src=\"http:\/\/lalidis.com.br\/wp-content\/uploads\/2019\/11\/Lucas-Oliveira-1024x1024.png\" alt=\"\" srcset=\"https:\/\/lalidis.com.br\/wp-content\/uploads\/2019\/11\/Lucas-Oliveira-1024x1024.png 1024w, https:\/\/lalidis.com.br\/wp-content\/uploads\/2019\/11\/Lucas-Oliveira-150x150.png 150w, https:\/\/lalidis.com.br\/wp-content\/uploads\/2019\/11\/Lucas-Oliveira-300x300.png 300w, https:\/\/lalidis.com.br\/wp-content\/uploads\/2019\/11\/Lucas-Oliveira-768x768.png 768w, https:\/\/lalidis.com.br\/wp-content\/uploads\/2019\/11\/Lucas-Oliveira.png 1125w\" sizes=\"auto, (max-width: 1024px) 100vw, 1024px\" \/><\/figure>\r\n<div class=\"wp-block-media-text__content\">\r\n<p class=\"has-small-font-size\"><strong>Lucas Oliveira <\/strong>\u2013 Jornalista e fot\u00f3grafo nas horas vagas. \u00c9 f\u00e3 de cinema de horror apesar de sempre apagar a luz e sair correndo com medo do escuro. Como todo canceriano n\u00e3o perde a oportunidade de um bom drama.<\/p>\r\n<\/div>\r\n<\/div>\r\n\r\n\r\n\r\n<div class=\"wp-block-media-text\" style=\"grid-template-columns: 17% auto;\">\r\n<figure class=\"wp-block-media-text__media\"><img loading=\"lazy\" decoding=\"async\" width=\"1024\" height=\"1024\" class=\"wp-image-433 aligncenter\" src=\"http:\/\/lalidis.com.br\/wp-content\/uploads\/2019\/11\/Mariana-Biurrum-1-1024x1024.png\" alt=\"\" srcset=\"https:\/\/lalidis.com.br\/wp-content\/uploads\/2019\/11\/Mariana-Biurrum-1-1024x1024.png 1024w, https:\/\/lalidis.com.br\/wp-content\/uploads\/2019\/11\/Mariana-Biurrum-1-150x150.png 150w, https:\/\/lalidis.com.br\/wp-content\/uploads\/2019\/11\/Mariana-Biurrum-1-300x300.png 300w, https:\/\/lalidis.com.br\/wp-content\/uploads\/2019\/11\/Mariana-Biurrum-1-768x768.png 768w, https:\/\/lalidis.com.br\/wp-content\/uploads\/2019\/11\/Mariana-Biurrum-1.png 1125w\" sizes=\"auto, (max-width: 1024px) 100vw, 1024px\" \/><\/figure>\r\n<div class=\"wp-block-media-text__content\">\r\n<p class=\"has-small-font-size\"><strong>Mariana Biurrum <\/strong>\u2013 Amante da arte, cantora e compositora de clich\u00eas rom\u00e2nticos, caiu no Direito de paraquedas. Vegetariana, aspirante a vegana, que ama os animais e sonha em rodar o mundo em uma Kombi. Libriana com ascendente em g\u00eameos, mais indecisa imposs\u00edvel.<\/p>\r\n<\/div>\r\n<\/div>\r\n\r\n\r\n\r\n<div class=\"wp-block-media-text\" style=\"grid-template-columns: 17% auto;\">\r\n<figure class=\"wp-block-media-text__media\"><img loading=\"lazy\" decoding=\"async\" width=\"1024\" height=\"1024\" class=\"wp-image-434 aligncenter\" src=\"http:\/\/lalidis.com.br\/wp-content\/uploads\/2019\/11\/Rafael-Urpia-1024x1024.png\" alt=\"\" srcset=\"https:\/\/lalidis.com.br\/wp-content\/uploads\/2019\/11\/Rafael-Urpia-1024x1024.png 1024w, https:\/\/lalidis.com.br\/wp-content\/uploads\/2019\/11\/Rafael-Urpia-150x150.png 150w, https:\/\/lalidis.com.br\/wp-content\/uploads\/2019\/11\/Rafael-Urpia-300x300.png 300w, https:\/\/lalidis.com.br\/wp-content\/uploads\/2019\/11\/Rafael-Urpia-768x768.png 768w, https:\/\/lalidis.com.br\/wp-content\/uploads\/2019\/11\/Rafael-Urpia.png 1125w\" sizes=\"auto, (max-width: 1024px) 100vw, 1024px\" \/><\/figure>\r\n<div class=\"wp-block-media-text__content\">\r\n<p class=\"has-small-font-size\"><strong>Rafael Urpia<\/strong> \u2013 Bixa bruxa, \u00e9 encantado com tudo o que \u00e9 m\u00edstico desde que viu Harry Potter pela primeira vez. Foi na comunica\u00e7\u00e3o que encontrou seu aconchego (s\u00f3 assim pra ser tagarela sem julgamentos). Nasceu virginiano bagunceiro e n\u00e3o guenta ouvir um kpop que j\u00e1 corre pra dan\u00e7ar.<\/p>\r\n<\/div>\r\n<\/div>\r\n\r\n\r\n\r\n<div class=\"wp-block-media-text\" style=\"grid-template-columns: 17% auto;\">\r\n<figure class=\"wp-block-media-text__media\"><img loading=\"lazy\" decoding=\"async\" width=\"1024\" height=\"1024\" class=\"wp-image-435 aligncenter\" src=\"http:\/\/lalidis.com.br\/wp-content\/uploads\/2019\/11\/Willken-Figueiredo-1024x1024.png\" alt=\"\" srcset=\"https:\/\/lalidis.com.br\/wp-content\/uploads\/2019\/11\/Willken-Figueiredo-1024x1024.png 1024w, https:\/\/lalidis.com.br\/wp-content\/uploads\/2019\/11\/Willken-Figueiredo-150x150.png 150w, https:\/\/lalidis.com.br\/wp-content\/uploads\/2019\/11\/Willken-Figueiredo-300x300.png 300w, https:\/\/lalidis.com.br\/wp-content\/uploads\/2019\/11\/Willken-Figueiredo-768x768.png 768w, https:\/\/lalidis.com.br\/wp-content\/uploads\/2019\/11\/Willken-Figueiredo.png 1125w\" sizes=\"auto, (max-width: 1024px) 100vw, 1024px\" \/><\/figure>\r\n<div class=\"wp-block-media-text__content\">\r\n<p class=\"has-small-font-size\"><strong>Will Figayredo<\/strong> \u2013 Letreiro de Letras, cobra por f\u00e9, stellium da cabra. Homo de afeto, estudioso porn\u00f3grafo de profiss\u00e3o. Passante de vidas, v\u00eddeos e livros, passado com o mundo.<\/p>\r\n<\/div>\r\n<\/div>\r\n\r\n\r\n\r\n<p>&nbsp;<\/p>\r\n<div class=\"pvc_clear\"><\/div><p id=\"pvc_stats_616\" class=\"pvc_stats all  \" data-element-id=\"616\" style=\"\"><i class=\"pvc-stats-icon medium\" aria-hidden=\"true\"><svg aria-hidden=\"true\" focusable=\"false\" data-prefix=\"far\" data-icon=\"chart-bar\" role=\"img\" xmlns=\"http:\/\/www.w3.org\/2000\/svg\" viewBox=\"0 0 512 512\" class=\"svg-inline--fa fa-chart-bar fa-w-16 fa-2x\"><path fill=\"currentColor\" d=\"M396.8 352h22.4c6.4 0 12.8-6.4 12.8-12.8V108.8c0-6.4-6.4-12.8-12.8-12.8h-22.4c-6.4 0-12.8 6.4-12.8 12.8v230.4c0 6.4 6.4 12.8 12.8 12.8zm-192 0h22.4c6.4 0 12.8-6.4 12.8-12.8V140.8c0-6.4-6.4-12.8-12.8-12.8h-22.4c-6.4 0-12.8 6.4-12.8 12.8v198.4c0 6.4 6.4 12.8 12.8 12.8zm96 0h22.4c6.4 0 12.8-6.4 12.8-12.8V204.8c0-6.4-6.4-12.8-12.8-12.8h-22.4c-6.4 0-12.8 6.4-12.8 12.8v134.4c0 6.4 6.4 12.8 12.8 12.8zM496 400H48V80c0-8.84-7.16-16-16-16H16C7.16 64 0 71.16 0 80v336c0 17.67 14.33 32 32 32h464c8.84 0 16-7.16 16-16v-16c0-8.84-7.16-16-16-16zm-387.2-48h22.4c6.4 0 12.8-6.4 12.8-12.8v-70.4c0-6.4-6.4-12.8-12.8-12.8h-22.4c-6.4 0-12.8 6.4-12.8 12.8v70.4c0 6.4 6.4 12.8 12.8 12.8z\" class=\"\"><\/path><\/svg><\/i> <img loading=\"lazy\" decoding=\"async\" width=\"16\" height=\"16\" alt=\"Loading\" src=\"https:\/\/lalidis.com.br\/wp-content\/plugins\/page-views-count\/ajax-loader-2x.gif\" border=0 \/><\/p><div class=\"pvc_clear\"><\/div> ","protected":false},"excerpt":{"rendered":"<p>Colaboradores:\u00a0 Iuri Brito &#8211;\u00a0 Estudante de Jornalismo, comunista, designer, gaymer e desenhista nas horas vagas. Gosto de simplicidade e me<\/p>\n","protected":false},"author":1,"featured_media":0,"parent":0,"menu_order":0,"comment_status":"closed","ping_status":"closed","template":"","meta":{"colormag_page_container_layout":"default_layout","colormag_page_sidebar_layout":"default_layout","jetpack_post_was_ever_published":false,"footnotes":""},"class_list":["post-616","page","type-page","status-publish","hentry"],"a3_pvc":{"activated":true,"total_views":3588,"today_views":0},"yoast_head":"<!-- This site is optimized with the Yoast SEO plugin v27.4 - https:\/\/yoast.com\/product\/yoast-seo-wordpress\/ -->\n<title>QUEM SOMOS - LALIDIS<\/title>\n<meta name=\"robots\" content=\"index, follow, max-snippet:-1, max-image-preview:large, max-video-preview:-1\" \/>\n<link rel=\"canonical\" href=\"https:\/\/lalidis.com.br\/index.php\/colaboradores\/\" \/>\n<meta property=\"og:locale\" content=\"pt_BR\" \/>\n<meta property=\"og:type\" content=\"article\" \/>\n<meta property=\"og:title\" content=\"QUEM SOMOS - LALIDIS\" \/>\n<meta property=\"og:description\" content=\"Colaboradores:\u00a0 Iuri Brito &#8211;\u00a0 Estudante de Jornalismo, comunista, designer, gaymer e desenhista nas horas vagas. Gosto de simplicidade e me\" \/>\n<meta property=\"og:url\" content=\"https:\/\/lalidis.com.br\/index.php\/colaboradores\/\" \/>\n<meta property=\"og:site_name\" content=\"LALIDIS\" \/>\n<meta property=\"article:modified_time\" content=\"2025-05-11T17:14:11+00:00\" \/>\n<meta property=\"og:image\" content=\"http:\/\/lalidis.com.br\/wp-content\/uploads\/2023\/09\/Design-sem-nome-3-1024x1024.png\" \/>\n<meta name=\"twitter:card\" content=\"summary_large_image\" \/>\n<meta name=\"twitter:label1\" content=\"Est. tempo de leitura\" \/>\n\t<meta name=\"twitter:data1\" content=\"5 minutos\" \/>\n<script type=\"application\/ld+json\" class=\"yoast-schema-graph\">{\"@context\":\"https:\\\/\\\/schema.org\",\"@graph\":[{\"@type\":\"WebPage\",\"@id\":\"https:\\\/\\\/lalidis.com.br\\\/index.php\\\/colaboradores\\\/\",\"url\":\"https:\\\/\\\/lalidis.com.br\\\/index.php\\\/colaboradores\\\/\",\"name\":\"QUEM SOMOS - LALIDIS\",\"isPartOf\":{\"@id\":\"https:\\\/\\\/lalidis.com.br\\\/#website\"},\"primaryImageOfPage\":{\"@id\":\"https:\\\/\\\/lalidis.com.br\\\/index.php\\\/colaboradores\\\/#primaryimage\"},\"image\":{\"@id\":\"https:\\\/\\\/lalidis.com.br\\\/index.php\\\/colaboradores\\\/#primaryimage\"},\"thumbnailUrl\":\"http:\\\/\\\/lalidis.com.br\\\/wp-content\\\/uploads\\\/2023\\\/09\\\/Design-sem-nome-3-1024x1024.png\",\"datePublished\":\"2020-11-17T20:30:13+00:00\",\"dateModified\":\"2025-05-11T17:14:11+00:00\",\"breadcrumb\":{\"@id\":\"https:\\\/\\\/lalidis.com.br\\\/index.php\\\/colaboradores\\\/#breadcrumb\"},\"inLanguage\":\"pt-BR\",\"potentialAction\":[{\"@type\":\"ReadAction\",\"target\":[\"https:\\\/\\\/lalidis.com.br\\\/index.php\\\/colaboradores\\\/\"]}]},{\"@type\":\"ImageObject\",\"inLanguage\":\"pt-BR\",\"@id\":\"https:\\\/\\\/lalidis.com.br\\\/index.php\\\/colaboradores\\\/#primaryimage\",\"url\":\"https:\\\/\\\/lalidis.com.br\\\/wp-content\\\/uploads\\\/2023\\\/09\\\/Design-sem-nome-3.png\",\"contentUrl\":\"https:\\\/\\\/lalidis.com.br\\\/wp-content\\\/uploads\\\/2023\\\/09\\\/Design-sem-nome-3.png\",\"width\":1080,\"height\":1080},{\"@type\":\"BreadcrumbList\",\"@id\":\"https:\\\/\\\/lalidis.com.br\\\/index.php\\\/colaboradores\\\/#breadcrumb\",\"itemListElement\":[{\"@type\":\"ListItem\",\"position\":1,\"name\":\"In\u00edcio\",\"item\":\"https:\\\/\\\/lalidis.com.br\\\/\"},{\"@type\":\"ListItem\",\"position\":2,\"name\":\"QUEM SOMOS\"}]},{\"@type\":\"WebSite\",\"@id\":\"https:\\\/\\\/lalidis.com.br\\\/#website\",\"url\":\"https:\\\/\\\/lalidis.com.br\\\/\",\"name\":\"LALIDIS\",\"description\":\"\",\"potentialAction\":[{\"@type\":\"SearchAction\",\"target\":{\"@type\":\"EntryPoint\",\"urlTemplate\":\"https:\\\/\\\/lalidis.com.br\\\/?s={search_term_string}\"},\"query-input\":{\"@type\":\"PropertyValueSpecification\",\"valueRequired\":true,\"valueName\":\"search_term_string\"}}],\"inLanguage\":\"pt-BR\"}]}<\/script>\n<!-- \/ Yoast SEO plugin. -->","yoast_head_json":{"title":"QUEM SOMOS - LALIDIS","robots":{"index":"index","follow":"follow","max-snippet":"max-snippet:-1","max-image-preview":"max-image-preview:large","max-video-preview":"max-video-preview:-1"},"canonical":"https:\/\/lalidis.com.br\/index.php\/colaboradores\/","og_locale":"pt_BR","og_type":"article","og_title":"QUEM SOMOS - LALIDIS","og_description":"Colaboradores:\u00a0 Iuri Brito &#8211;\u00a0 Estudante de Jornalismo, comunista, designer, gaymer e desenhista nas horas vagas. Gosto de simplicidade e me","og_url":"https:\/\/lalidis.com.br\/index.php\/colaboradores\/","og_site_name":"LALIDIS","article_modified_time":"2025-05-11T17:14:11+00:00","og_image":[{"url":"http:\/\/lalidis.com.br\/wp-content\/uploads\/2023\/09\/Design-sem-nome-3-1024x1024.png","type":"","width":"","height":""}],"twitter_card":"summary_large_image","twitter_misc":{"Est. tempo de leitura":"5 minutos"},"schema":{"@context":"https:\/\/schema.org","@graph":[{"@type":"WebPage","@id":"https:\/\/lalidis.com.br\/index.php\/colaboradores\/","url":"https:\/\/lalidis.com.br\/index.php\/colaboradores\/","name":"QUEM SOMOS - LALIDIS","isPartOf":{"@id":"https:\/\/lalidis.com.br\/#website"},"primaryImageOfPage":{"@id":"https:\/\/lalidis.com.br\/index.php\/colaboradores\/#primaryimage"},"image":{"@id":"https:\/\/lalidis.com.br\/index.php\/colaboradores\/#primaryimage"},"thumbnailUrl":"http:\/\/lalidis.com.br\/wp-content\/uploads\/2023\/09\/Design-sem-nome-3-1024x1024.png","datePublished":"2020-11-17T20:30:13+00:00","dateModified":"2025-05-11T17:14:11+00:00","breadcrumb":{"@id":"https:\/\/lalidis.com.br\/index.php\/colaboradores\/#breadcrumb"},"inLanguage":"pt-BR","potentialAction":[{"@type":"ReadAction","target":["https:\/\/lalidis.com.br\/index.php\/colaboradores\/"]}]},{"@type":"ImageObject","inLanguage":"pt-BR","@id":"https:\/\/lalidis.com.br\/index.php\/colaboradores\/#primaryimage","url":"https:\/\/lalidis.com.br\/wp-content\/uploads\/2023\/09\/Design-sem-nome-3.png","contentUrl":"https:\/\/lalidis.com.br\/wp-content\/uploads\/2023\/09\/Design-sem-nome-3.png","width":1080,"height":1080},{"@type":"BreadcrumbList","@id":"https:\/\/lalidis.com.br\/index.php\/colaboradores\/#breadcrumb","itemListElement":[{"@type":"ListItem","position":1,"name":"In\u00edcio","item":"https:\/\/lalidis.com.br\/"},{"@type":"ListItem","position":2,"name":"QUEM SOMOS"}]},{"@type":"WebSite","@id":"https:\/\/lalidis.com.br\/#website","url":"https:\/\/lalidis.com.br\/","name":"LALIDIS","description":"","potentialAction":[{"@type":"SearchAction","target":{"@type":"EntryPoint","urlTemplate":"https:\/\/lalidis.com.br\/?s={search_term_string}"},"query-input":{"@type":"PropertyValueSpecification","valueRequired":true,"valueName":"search_term_string"}}],"inLanguage":"pt-BR"}]}},"jetpack_sharing_enabled":true,"jetpack_likes_enabled":true,"jetpack-related-posts":[],"_links":{"self":[{"href":"https:\/\/lalidis.com.br\/index.php\/wp-json\/wp\/v2\/pages\/616","targetHints":{"allow":["GET"]}}],"collection":[{"href":"https:\/\/lalidis.com.br\/index.php\/wp-json\/wp\/v2\/pages"}],"about":[{"href":"https:\/\/lalidis.com.br\/index.php\/wp-json\/wp\/v2\/types\/page"}],"author":[{"embeddable":true,"href":"https:\/\/lalidis.com.br\/index.php\/wp-json\/wp\/v2\/users\/1"}],"replies":[{"embeddable":true,"href":"https:\/\/lalidis.com.br\/index.php\/wp-json\/wp\/v2\/comments?post=616"}],"version-history":[{"count":61,"href":"https:\/\/lalidis.com.br\/index.php\/wp-json\/wp\/v2\/pages\/616\/revisions"}],"predecessor-version":[{"id":1218,"href":"https:\/\/lalidis.com.br\/index.php\/wp-json\/wp\/v2\/pages\/616\/revisions\/1218"}],"wp:attachment":[{"href":"https:\/\/lalidis.com.br\/index.php\/wp-json\/wp\/v2\/media?parent=616"}],"curies":[{"name":"wp","href":"https:\/\/api.w.org\/{rel}","templated":true}]}}